{"id":262,"date":"2025-09-12T10:50:32","date_gmt":"2025-09-12T10:50:32","guid":{"rendered":"https:\/\/www.lpmedical.com\/accessibility-statement\/"},"modified":"2025-09-12T10:51:42","modified_gmt":"2025-09-12T10:51:42","slug":"accessibility-statement","status":"publish","type":"page","link":"https:\/\/www.lpmedical.com\/de\/accessibility-statement\/","title":{"rendered":"Accessibility statement"},"content":{"rendered":"<div data-elementor-type=\"wp-page\" data-elementor-id=\"262\" class=\"elementor elementor-262\" data-elementor-post-type=\"page\">\n\t\t\t\t<div class=\"elementor-element elementor-element-6cc095d7 e-flex e-con-boxed e-con e-parent\" data-id=\"6cc095d7\" data-element_type=\"container\" data-e-type=\"container\">\n\t\t\t\t\t<div class=\"e-con-inner\">\n\t\t\t\t<div class=\"elementor-element elementor-element-0da239a elementor-widget elementor-widget-spacer\" data-id=\"0da239a\" data-element_type=\"widget\" data-e-type=\"widget\" data-widget_type=\"spacer.default\">\n\t\t\t\t\t\t\t<div class=\"elementor-spacer\">\n\t\t\t<div class=\"elementor-spacer-inner\"><\/div>\n\t\t<\/div>\n\t\t\t\t\t\t<\/div>\n\t\t\t\t<div class=\"elementor-element elementor-element-245b4746 elementor-widget elementor-widget-text-editor\" data-id=\"245b4746\" data-element_type=\"widget\" data-e-type=\"widget\" data-widget_type=\"text-editor.default\">\n\t\t\t\t\t\t\t\t\t\n<h6 class=\"wp-block-heading has-text-align-center\">Zug\u00e4nglichkeitserkl\u00e4rung f\u00fcr https:\/\/www.lpmedical.com\/<\/h6>\n<p>\u00a0<\/p>\n\n<p><strong>LP Medizinische Beratung Sagl<\/strong> setzt sich f\u00fcr die digitale Zug\u00e4nglichkeit f\u00fcr Menschen mit Behinderungen ein. Wir verbessern st\u00e4ndig die Benutzerfreundlichkeit f\u00fcr alle und wenden die einschl\u00e4gigen Zug\u00e4nglichkeitsstandards an.<\/p>\n\n<h6 class=\"wp-block-heading\">Status der Konformit\u00e4t<\/h6>\n\n<p>Die Web Content Accessibility Guidelines (WCAG) definieren Anforderungen an Designer und Entwickler, um die Zug\u00e4nglichkeit f\u00fcr Menschen mit Behinderungen zu verbessern. Sie definieren drei Stufen der Konformit\u00e4t: Stufe A, Stufe AA und Stufe AAA.<\/p>\n\n<p><strong>LP Medizinische Beratung Sagl<\/strong> ist st\u00e4ndig bem\u00fcht, die Zug\u00e4nglichkeit seiner Website und seiner Dienste zu verbessern, in der \u00dcberzeugung, dass es unsere kollektive moralische Verpflichtung ist, eine nahtlose, zug\u00e4ngliche und ungehinderte Nutzung f\u00fcr Menschen mit Behinderungen zu erm\u00f6glichen.<\/p>\n\n<p>Unser Ziel ist es, alle Seiten und Inhalte auf <strong>https:\/\/www.lpmedical.com\/<\/strong> zug\u00e4nglich, aber einige Inhalte entsprechen noch nicht vollst\u00e4ndig den h\u00f6chsten Zug\u00e4nglichkeitsstandards. Dies k\u00f6nnte darauf zur\u00fcckzuf\u00fchren sein, dass es schwierig ist, die am besten geeignete technische L\u00f6sung zu finden.<\/p>\n\n<p>Wir k\u00f6nnen diese Erkl\u00e4rung von Zeit zu Zeit \u00fcberarbeiten, um Verbesserungen oder \u00c4nderungen an unseren Zug\u00e4nglichkeitspraktiken zu ber\u00fccksichtigen.<\/p>\n\n<h6 class=\"wp-block-heading\">R\u00fcckmeldung<\/h6>\n\n<p>Wir freuen uns \u00fcber Ihr Feedback zur Zug\u00e4nglichkeit von <strong>LP Medizinische Beratung Sagl<\/strong> Website. Bitte teilen Sie uns mit, wenn Sie auf unserer Website auf Zugangsbarrieren sto\u00dfen:<\/p>\n\n<p>E-Mail: <strong>info@lpmedical.com<\/strong><\/p>\n\n<p>Wir versuchen, innerhalb von 3-5 Werktagen auf R\u00fcckmeldungen zu reagieren.<\/p>\n\n<p>Dieser Auszug wurde am 9\/12\/2025 erstellt.<\/p>\n\t\t\t\t\t\t\t\t<\/div>\n\t\t\t\t\t<\/div>\n\t\t\t\t<\/div>\n\t\t\t\t<\/div>","protected":false},"excerpt":{"rendered":"<p>Accessibility Statement for https:\/\/www.lpmedical.com\/ \u00a0 LP Medical Consulting Sagl is committed to ensuring digital accessibility for people with disabilities. We are continually improving the user experience for everyone and applying the relevant accessibility standards. Conformance status The Web Content Accessibility Guidelines (WCAG) defines requirements for designers and developers to improve accessibility for people with disabilities. [&hellip;]<\/p>","protected":false},"author":1,"featured_media":0,"parent":0,"menu_order":0,"comment_status":"closed","ping_status":"closed","template":"","meta":{"footnotes":""},"class_list":["post-262","page","type-page","status-publish","hentry"],"_links":{"self":[{"href":"https:\/\/www.lpmedical.com\/de\/wp-json\/wp\/v2\/pages\/262","targetHints":{"allow":["GET"]}}],"collection":[{"href":"https:\/\/www.lpmedical.com\/de\/wp-json\/wp\/v2\/pages"}],"about":[{"href":"https:\/\/www.lpmedical.com\/de\/wp-json\/wp\/v2\/types\/page"}],"author":[{"embeddable":true,"href":"https:\/\/www.lpmedical.com\/de\/wp-json\/wp\/v2\/users\/1"}],"replies":[{"embeddable":true,"href":"https:\/\/www.lpmedical.com\/de\/wp-json\/wp\/v2\/comments?post=262"}],"version-history":[{"count":3,"href":"https:\/\/www.lpmedical.com\/de\/wp-json\/wp\/v2\/pages\/262\/revisions"}],"predecessor-version":[{"id":265,"href":"https:\/\/www.lpmedical.com\/de\/wp-json\/wp\/v2\/pages\/262\/revisions\/265"}],"wp:attachment":[{"href":"https:\/\/www.lpmedical.com\/de\/wp-json\/wp\/v2\/media?parent=262"}],"curies":[{"name":"wp","href":"https:\/\/api.w.org\/{rel}","templated":true}]}}