{"id":209,"date":"2025-09-12T07:32:21","date_gmt":"2025-09-12T07:32:21","guid":{"rendered":"https:\/\/www.lpmedical.com\/?page_id=209"},"modified":"2025-09-12T07:40:52","modified_gmt":"2025-09-12T07:40:52","slug":"de-digitalization","status":"publish","type":"page","link":"https:\/\/www.lpmedical.com\/es\/de-digitalization\/","title":{"rendered":"Desdigitalizaci\u00f3n"},"content":{"rendered":"<div data-elementor-type=\"wp-page\" data-elementor-id=\"209\" class=\"elementor elementor-209\" data-elementor-post-type=\"page\">\n\t\t\t\t<div class=\"elementor-element elementor-element-d5ae700 e-flex e-con-boxed e-con e-parent\" data-id=\"d5ae700\" data-element_type=\"container\" data-e-type=\"container\">\n\t\t\t\t\t<div class=\"e-con-inner\">\n\t\t<div class=\"elementor-element elementor-element-23bd918 e-con-full e-flex e-con e-child\" data-id=\"23bd918\" data-element_type=\"container\" data-e-type=\"container\" data-settings=\"{&quot;background_background&quot;:&quot;classic&quot;}\">\n\t\t\t\t<div class=\"elementor-element elementor-element-fdb6dc1 elementor-widget elementor-widget-heading\" data-id=\"fdb6dc1\" data-element_type=\"widget\" data-e-type=\"widget\" data-widget_type=\"heading.default\">\n\t\t\t\t\t<h2 class=\"elementor-heading-title elementor-size-default\">Desdigitalizaci\u00f3n<\/h2>\t\t\t\t<\/div>\n\t\t\t\t<div class=\"elementor-element elementor-element-069ee9a elementor-widget elementor-widget-text-editor\" data-id=\"069ee9a\" data-element_type=\"widget\" data-e-type=\"widget\" data-widget_type=\"text-editor.default\">\n\t\t\t\t\t\t\t\t\t<p>La desdigitalizaci\u00f3n, en el contexto de una empresa, se refiere al proceso de reducir o invertir el grado de integraci\u00f3n de las tecnolog\u00edas y los procesos digitales en las operaciones y la estrategia general de una empresa. Es lo contrario de la digitalizaci\u00f3n o transformaci\u00f3n digital, que implica el uso de tecnolog\u00edas digitales para cambiar fundamentalmente la forma en que una empresa opera y ofrece valor. La desdigitalizaci\u00f3n puede implicar dejar de depender de las herramientas digitales, reintroducir o enfatizar los procesos manuales o centrarse en interacciones no digitales con los clientes.<\/p><p>Aqu\u00ed tiene una visi\u00f3n m\u00e1s detallada:<\/p><p><strong>\u00bfQu\u00e9 es la desdigitalizaci\u00f3n?<\/strong><\/p><ul><li><strong>Inversi\u00f3n de la digitalizaci\u00f3n:<\/strong><br \/>La desdigitalizaci\u00f3n consiste esencialmente en deshacer o reducir los esfuerzos de transformaci\u00f3n digital.<\/li><li><strong>Cambio de enfoque:<\/strong><br \/>Implica dejar de depender tanto de las tecnolog\u00edas y sistemas digitales y dar prioridad a otros aspectos de la empresa, como la interacci\u00f3n humana, la presencia f\u00edsica o los m\u00e9todos tradicionales.<\/li><\/ul><p>\u00a0<\/p><p><b>Posibles razones<\/b><\/p><p>Las empresas pueden desdigitalizarse por varias razones, como:<\/p><ul><li><strong>Preferencia del cliente:<\/strong> Algunos clientes pueden preferir o necesitar interacciones m\u00e1s tradicionales, no digitales.<\/li><li><strong>Retos operativos:<\/strong> Los sistemas digitales pueden ser demasiado complejos, caros o inadecuados para determinadas tareas.<\/li><li><strong>Problemas de seguridad:<\/strong> La desdigitalizaci\u00f3n podr\u00eda ser una respuesta a las brechas de seguridad o a los problemas de privacidad de los datos asociados a los sistemas digitales.<\/li><li><strong>Factores culturales:<\/strong> Una empresa puede optar por la desdigitalizaci\u00f3n para fomentar un entorno de trabajo m\u00e1s centrado en el ser humano o en la colaboraci\u00f3n.\u00a0<\/li><\/ul><p>\u00a0<\/p><p><b>Ejemplos de desdigitalizaci\u00f3n:<\/b><\/p><ul><li><strong>Reintroducci\u00f3n de sistemas basados en papel:<\/strong><br \/>Una empresa puede volver a utilizar registros o formularios en papel en lugar de depender exclusivamente de bases de datos digitales.<\/li><li><strong>Dar prioridad a las interacciones cara a cara:<\/strong><br \/>Aumentar el \u00e9nfasis en las reuniones en persona, la atenci\u00f3n al cliente o las sesiones de formaci\u00f3n. Nada de seminarios web in\u00fatiles. Limitar las llamadas en l\u00ednea.<\/li><li><strong>Reducir la dependencia del marketing digital:<\/strong><br \/>Desplazar los esfuerzos de marketing hacia canales tradicionales como la prensa, la radio o los eventos.<\/li><li><strong>Reevaluar la automatizaci\u00f3n:<\/strong><br \/>Reducci\u00f3n de la automatizaci\u00f3n en favor de la intervenci\u00f3n humana en determinados procesos.<\/li><li><strong>Uso limitado de la IA y las redes sociales:<\/strong><br \/>Dependiendo del tipo de empresa, uso limitado o nulo de la IA y las redes sociales.<\/li><\/ul><p>\u00a0<\/p><p><b>Por qu\u00e9 podr\u00eda plantearse la desdigitalizaci\u00f3n:<\/b><\/p><ul><li><strong>Experiencia del cliente:<\/strong><br \/>Mejorar la satisfacci\u00f3n del cliente ofreciendo experiencias m\u00e1s personalizadas o centradas en el ser humano.<\/li><li><strong>Eficacia operativa:<\/strong><br \/>En algunos casos, la desdigitalizaci\u00f3n puede dar lugar a flujos de trabajo m\u00e1s eficientes o a una reducci\u00f3n de costes.<\/li><li><strong>La moral de los empleados:<\/strong><br \/>Centrarse en la interacci\u00f3n humana podr\u00eda levantar la moral de los empleados y crear un entorno de trabajo m\u00e1s atractivo.<\/li><li><strong>Gesti\u00f3n de riesgos:<\/strong><br \/>Reducir la dependencia de los sistemas digitales puede mitigar ciertos riesgos asociados a la ciberseguridad o a la violaci\u00f3n de datos. <br \/>Consideraciones importantes:<\/li><li><strong>Revisi\u00f3n estrat\u00e9gica:<\/strong><br \/>La desdigitalizaci\u00f3n debe ser una decisi\u00f3n estrat\u00e9gica cuidadosamente estudiada, no una reacci\u00f3n a los desaf\u00edos.<\/li><li><strong>Objetivos claros:<\/strong><br \/>Definir objetivos espec\u00edficos, mensurables, alcanzables, pertinentes y sujetos a plazos (SMART) para la desdigitalizaci\u00f3n es crucial.<\/li><li><strong>Evaluaci\u00f3n de impacto:<\/strong><br \/>Evaluar a fondo el impacto potencial de la desdigitalizaci\u00f3n en diferentes aspectos de la empresa, incluidas las operaciones, la experiencia del cliente y la moral de los empleados.<\/li><li><strong>Comunicaci\u00f3n:<\/strong><br \/>Comunicar con transparencia las razones de la desdigitalizaci\u00f3n a empleados, clientes y partes interesadas.<\/li><li><strong>Flexibilidad:<\/strong><br \/>Los esfuerzos de desdigitalizaci\u00f3n deben ser adaptables y permitir ajustes basados en la evoluci\u00f3n de las necesidades de la empresa y sus clientes.<\/li><\/ul>\t\t\t\t\t\t\t\t<\/div>\n\t\t\t\t<\/div>\n\t\t\t\t\t<\/div>\n\t\t\t\t<\/div>\n\t\t\t\t<\/div>","protected":false},"excerpt":{"rendered":"<p>De-digitalization De-digitalization, in the context of a company, refers to the process of reducing or reversing the extent to which digital technologies and processes are integrated into a business&#8217;s operations and overall strategy. It&#8217;s the opposite of digitalization or digital transformation, which involves using digital technologies to fundamentally change how a business operates and delivers [&hellip;]<\/p>","protected":false},"author":1,"featured_media":0,"parent":0,"menu_order":0,"comment_status":"closed","ping_status":"closed","template":"","meta":{"footnotes":""},"class_list":["post-209","page","type-page","status-publish","hentry"],"_links":{"self":[{"href":"https:\/\/www.lpmedical.com\/es\/wp-json\/wp\/v2\/pages\/209","targetHints":{"allow":["GET"]}}],"collection":[{"href":"https:\/\/www.lpmedical.com\/es\/wp-json\/wp\/v2\/pages"}],"about":[{"href":"https:\/\/www.lpmedical.com\/es\/wp-json\/wp\/v2\/types\/page"}],"author":[{"embeddable":true,"href":"https:\/\/www.lpmedical.com\/es\/wp-json\/wp\/v2\/users\/1"}],"replies":[{"embeddable":true,"href":"https:\/\/www.lpmedical.com\/es\/wp-json\/wp\/v2\/comments?post=209"}],"version-history":[{"count":7,"href":"https:\/\/www.lpmedical.com\/es\/wp-json\/wp\/v2\/pages\/209\/revisions"}],"predecessor-version":[{"id":217,"href":"https:\/\/www.lpmedical.com\/es\/wp-json\/wp\/v2\/pages\/209\/revisions\/217"}],"wp:attachment":[{"href":"https:\/\/www.lpmedical.com\/es\/wp-json\/wp\/v2\/media?parent=209"}],"curies":[{"name":"wp","href":"https:\/\/api.w.org\/{rel}","templated":true}]}}