{"id":36,"date":"2025-09-03T11:12:48","date_gmt":"2025-09-03T11:12:48","guid":{"rendered":"https:\/\/www.lpmedical.com\/?page_id=36"},"modified":"2025-09-12T09:49:46","modified_gmt":"2025-09-12T09:49:46","slug":"company","status":"publish","type":"page","link":"https:\/\/www.lpmedical.com\/es\/company\/","title":{"rendered":"Sociedad"},"content":{"rendered":"<div data-elementor-type=\"wp-page\" data-elementor-id=\"36\" class=\"elementor elementor-36\" data-elementor-post-type=\"page\">\n\t\t\t\t<div class=\"elementor-element elementor-element-edf2913 e-flex e-con-boxed e-con e-parent\" data-id=\"edf2913\" data-element_type=\"container\" data-e-type=\"container\">\n\t\t\t\t\t<div class=\"e-con-inner\">\n\t\t<div class=\"elementor-element elementor-element-e73431b e-con-full e-flex e-con e-child\" data-id=\"e73431b\" data-element_type=\"container\" data-e-type=\"container\" data-settings=\"{&quot;background_background&quot;:&quot;classic&quot;}\">\n\t\t\t\t<div class=\"elementor-element elementor-element-5240617 elementor-widget elementor-widget-heading\" data-id=\"5240617\" data-element_type=\"widget\" data-e-type=\"widget\" data-widget_type=\"heading.default\">\n\t\t\t\t\t<h2 class=\"elementor-heading-title elementor-size-default\">Sociedad<\/h2>\t\t\t\t<\/div>\n\t\t\t\t<div class=\"elementor-element elementor-element-983039e elementor-widget elementor-widget-text-editor\" data-id=\"983039e\" data-element_type=\"widget\" data-e-type=\"widget\" data-widget_type=\"text-editor.default\">\n\t\t\t\t\t\t\t\t\t<p><img fetchpriority=\"high\" decoding=\"async\" class=\"alignleft wp-image-109 size-full\" src=\"https:\/\/www.lpmedical.com\/wp-content\/uploads\/2025\/09\/surgery.jpg.webp\" alt=\"\" width=\"350\" height=\"385\" srcset=\"https:\/\/www.lpmedical.com\/wp-content\/uploads\/2025\/09\/surgery.jpg.webp 350w, https:\/\/www.lpmedical.com\/wp-content\/uploads\/2025\/09\/surgery.jpg-273x300.webp 273w, https:\/\/www.lpmedical.com\/wp-content\/uploads\/2025\/09\/surgery.jpg-11x12.webp 11w\" sizes=\"(max-width: 350px) 100vw, 350px\" \/><\/p><p>Esta sociedad tiene como objetivo el asesorar y prestar servicios, sobretodo en el sector m\u00e9dico y param\u00e9dico, particularmente en lo que se refiere al marketing estrategico y operativo; el an\u00e1lisis estrat\u00e9gico de los mercados y de los productos; la reorganizaci\u00f3n de la empresa; la busqueda de clientes y proveedores; el an\u00e1lisis de la competenzia; relaciones p\u00fablicas; el an\u00e1lisis de documentos y patentes, tambi\u00e9n el encontrar soluciones novedosas para desarrollar nuevos productos, estudios,investigaci\u00f3n y desarrollo de los mismos; redacci\u00f3n de los protoc\u00f3los para casos cl\u00ednicos y data management ; la organizaci\u00f3n de estudios cl\u00ednicos hospitalarios y  de multicentros; la representaci\u00f3n exclusiva y el trading de productos m\u00e9dicos, param\u00e9dicos y de otros productos de extenso consumo y materias primas, ya  sea al por mayor, como al detalle; el asesoramiento para proyectar los establecimientos de producci\u00f3n y hospitales \u201ccon la llave en mano\u201d y la preparaci\u00f3n de los relativos contratos; el asesoramiento mirado a la participaci\u00f3n en proyectos europeos y la obtenci\u00f3n de financiaci\u00f3n para la investigaci\u00f3n; el asesoramiento log\u00ecstico; la consultoria en el \u00e1mbito de los recursos humanos.<\/p><p>La sociedad adem\u00e1s se ocupa- tambi\u00e9n en otros sectores econ\u00f3micos- del asesorar por cuanto concierne a la administraci\u00f3n empresarial, financiaria y comercial, proporcionando informaci\u00f3n en el sector del an\u00e1lisis, del estudio y la aplicaci\u00f3n de las soluciones sobre los problemas de gesti\u00f3n o los distintos m\u00e9todos comerciales y econ\u00f3micos como: la administraci\u00f3n, econom\u00eda, t\u00e9cnicas de venta a favor de empresas y entidades, p\u00fablicas y privadas; la prestaci\u00f3n de cualquier tipo de servicio en la rama de la gesti\u00f3n,tratamiento y elaboraci\u00f3n de los datos e indices estad\u00edsticos,financiarios,econ\u00f3micos, propios o por cuenta ajena; la asistencia para llevar a cabo la soluci\u00f3n de problemas empresariales en general, incluyendo la selecci\u00f3n, formaci\u00f3n y el desarrollo del personal externo, la recogida, elaboraci\u00f3n adem\u00e1s de la comercializaci\u00f3n de los datos relativos a los sondeos de mercado, cualquier  asistencia de servicio encaminada a sacar el m\u00e1ximo rendimiento de la actividad empresarial o de una entidad; todos los servicios que se puedan prestar poniendo a su disposici\u00f3n los aparatos,maquinarias,instalaciones, tecnolog\u00eda y personal especializado; con el fin de consentir la creaci\u00f3n y la organizaci\u00f3n de estructuras b\u00e1sicas y de los servicios necesarios e \u00fatiles para la puesta apunto de la empresa y el resultado \u00f3ptimo de la gesti\u00f3n estrat\u00e9gica m\u00e1s funcional.<\/p>\t\t\t\t\t\t\t\t<\/div>\n\t\t\t\t<\/div>\n\t\t\t\t\t<\/div>\n\t\t\t\t<\/div>\n\t\t\t\t<\/div>","protected":false},"excerpt":{"rendered":"<p>About the company The company\u2019s aim is to provide services and offer advice, predominantly in the medical and paramedical sectors, dealing in particular with strategic and operational marketing; the strategic analysis of markets and products; company reorganisation; the search for customers and suppliers; competition analysis; public relations; the analysis of documents and patents and innovative [&hellip;]<\/p>","protected":false},"author":1,"featured_media":0,"parent":0,"menu_order":0,"comment_status":"closed","ping_status":"closed","template":"","meta":{"footnotes":""},"class_list":["post-36","page","type-page","status-publish","hentry"],"_links":{"self":[{"href":"https:\/\/www.lpmedical.com\/es\/wp-json\/wp\/v2\/pages\/36","targetHints":{"allow":["GET"]}}],"collection":[{"href":"https:\/\/www.lpmedical.com\/es\/wp-json\/wp\/v2\/pages"}],"about":[{"href":"https:\/\/www.lpmedical.com\/es\/wp-json\/wp\/v2\/types\/page"}],"author":[{"embeddable":true,"href":"https:\/\/www.lpmedical.com\/es\/wp-json\/wp\/v2\/users\/1"}],"replies":[{"embeddable":true,"href":"https:\/\/www.lpmedical.com\/es\/wp-json\/wp\/v2\/comments?post=36"}],"version-history":[{"count":16,"href":"https:\/\/www.lpmedical.com\/es\/wp-json\/wp\/v2\/pages\/36\/revisions"}],"predecessor-version":[{"id":254,"href":"https:\/\/www.lpmedical.com\/es\/wp-json\/wp\/v2\/pages\/36\/revisions\/254"}],"wp:attachment":[{"href":"https:\/\/www.lpmedical.com\/es\/wp-json\/wp\/v2\/media?parent=36"}],"curies":[{"name":"wp","href":"https:\/\/api.w.org\/{rel}","templated":true}]}}