{"id":209,"date":"2025-09-12T07:32:21","date_gmt":"2025-09-12T07:32:21","guid":{"rendered":"https:\/\/www.lpmedical.com\/?page_id=209"},"modified":"2025-09-12T07:40:52","modified_gmt":"2025-09-12T07:40:52","slug":"de-digitalization","status":"publish","type":"page","link":"https:\/\/www.lpmedical.com\/fr\/de-digitalization\/","title":{"rendered":"D\u00e9-digitalisation"},"content":{"rendered":"<div data-elementor-type=\"wp-page\" data-elementor-id=\"209\" class=\"elementor elementor-209\" data-elementor-post-type=\"page\">\n\t\t\t\t<div class=\"elementor-element elementor-element-d5ae700 e-flex e-con-boxed e-con e-parent\" data-id=\"d5ae700\" data-element_type=\"container\" data-e-type=\"container\">\n\t\t\t\t\t<div class=\"e-con-inner\">\n\t\t<div class=\"elementor-element elementor-element-23bd918 e-con-full e-flex e-con e-child\" data-id=\"23bd918\" data-element_type=\"container\" data-e-type=\"container\" data-settings=\"{&quot;background_background&quot;:&quot;classic&quot;}\">\n\t\t\t\t<div class=\"elementor-element elementor-element-fdb6dc1 elementor-widget elementor-widget-heading\" data-id=\"fdb6dc1\" data-element_type=\"widget\" data-e-type=\"widget\" data-widget_type=\"heading.default\">\n\t\t\t\t\t<h2 class=\"elementor-heading-title elementor-size-default\">D\u00e9-digitalisation<\/h2>\t\t\t\t<\/div>\n\t\t\t\t<div class=\"elementor-element elementor-element-069ee9a elementor-widget elementor-widget-text-editor\" data-id=\"069ee9a\" data-element_type=\"widget\" data-e-type=\"widget\" data-widget_type=\"text-editor.default\">\n\t\t\t\t\t\t\t\t\t<p>La d\u00e9-digitalisation, dans le contexte d'une entreprise, fait r\u00e9f\u00e9rence au processus de r\u00e9duction ou d'inversion du degr\u00e9 d'int\u00e9gration des technologies et processus num\u00e9riques dans les op\u00e9rations et la strat\u00e9gie globale d'une entreprise. C'est le contraire de la digitalisation ou de la transformation num\u00e9rique, qui implique l'utilisation des technologies num\u00e9riques pour changer fondamentalement la fa\u00e7on dont une entreprise fonctionne et fournit de la valeur. La d\u00e9-digitalisation peut consister \u00e0 s'\u00e9loigner des outils num\u00e9riques, \u00e0 r\u00e9introduire ou \u00e0 mettre l'accent sur les processus manuels, ou \u00e0 se concentrer sur les interactions non num\u00e9riques avec les clients.<\/p><p>Voici un aper\u00e7u plus d\u00e9taill\u00e9 :<\/p><p><strong>Qu'est-ce que la d\u00e9-digitalisation ?<\/strong><\/p><ul><li><strong>Inversion de la digitalisation :<\/strong><br \/>La d\u00e9-digitalisation est essentiellement l'annulation ou la r\u00e9duction des efforts de transformation num\u00e9rique.<\/li><li><strong>Changement d'orientation :<\/strong><br \/>Il s'agit de s'\u00e9loigner d'une forte d\u00e9pendance \u00e0 l'\u00e9gard des technologies et des syst\u00e8mes num\u00e9riques, en donnant potentiellement la priorit\u00e9 \u00e0 d'autres aspects de l'activit\u00e9, comme l'interaction humaine, la pr\u00e9sence physique ou les m\u00e9thodes traditionnelles.<\/li><\/ul><p>\u00a0<\/p><p><b>Raisons potentielles<\/b><\/p><p>Les entreprises peuvent se d\u00e9-digitaliser pour diverses raisons, telles que<\/p><ul><li><strong>Pr\u00e9f\u00e9rence du client :<\/strong> Certains clients peuvent pr\u00e9f\u00e9rer ou exiger des interactions plus traditionnelles, non num\u00e9riques.<\/li><li><strong>D\u00e9fis op\u00e9rationnels :<\/strong> Les syst\u00e8mes num\u00e9riques peuvent \u00eatre trop complexes, trop co\u00fbteux ou mal adapt\u00e9s \u00e0 certaines t\u00e2ches.<\/li><li><strong>Probl\u00e8mes de s\u00e9curit\u00e9 :<\/strong> La d\u00e9-digitalisation pourrait \u00eatre une r\u00e9ponse aux failles de s\u00e9curit\u00e9 ou aux probl\u00e8mes de confidentialit\u00e9 des donn\u00e9es associ\u00e9s aux syst\u00e8mes num\u00e9riques.<\/li><li><strong>Les facteurs culturels :<\/strong> Une entreprise peut choisir de se d\u00e9-digitaliser pour favoriser un environnement de travail plus centr\u00e9 sur l'humain ou plus collaboratif.\u00a0<\/li><\/ul><p>\u00a0<\/p><p><b>Exemples de d\u00e9-digitalisation :<\/b><\/p><ul><li><strong>R\u00e9introduire les syst\u00e8mes sur papier :<\/strong><br \/>Une entreprise peut revenir \u00e0 la tenue d'archives ou de formulaires sur papier au lieu de s'appuyer uniquement sur des bases de donn\u00e9es num\u00e9riques.<\/li><li><strong>Privil\u00e9gier les interactions en face \u00e0 face :<\/strong><br \/>Mettre davantage l'accent sur les r\u00e9unions en personne, le service \u00e0 la client\u00e8le ou les sessions de formation. Pas de webinaires inutiles. Limiter les appels en ligne.<\/li><li><strong>R\u00e9duire la d\u00e9pendance \u00e0 l'\u00e9gard du marketing digital :<\/strong><br \/>R\u00e9orienter les efforts de marketing vers les canaux traditionnels tels que la presse, la radio ou les \u00e9v\u00e9nements.<\/li><li><strong>R\u00e9\u00e9valuer l'automatisation :<\/strong><br \/>R\u00e9duire l'automatisation au profit de l'intervention humaine dans certains processus.<\/li><li><strong>Utilisation limit\u00e9e de l'IA et des m\u00e9dias sociaux :<\/strong><br \/>Selon le type d'entreprise, utilisation limit\u00e9e ou inexistante de l'IA et des m\u00e9dias sociaux.<\/li><\/ul><p>\u00a0<\/p><p><b>Pourquoi la digitalisation peut-elle \u00eatre envisag\u00e9e ?<\/b><\/p><ul><li><strong>Exp\u00e9rience client :<\/strong><br \/>Am\u00e9liorer la satisfaction des clients en leur offrant des exp\u00e9riences plus personnalis\u00e9es ou centr\u00e9es sur l'humain.<\/li><li><strong>Efficacit\u00e9 op\u00e9rationnelle :<\/strong><br \/>Dans certains cas, la digitalisation peut conduire \u00e0 des flux de travail plus efficaces ou \u00e0 une r\u00e9duction des co\u00fbts.<\/li><li><strong>Le moral des employ\u00e9s :<\/strong><br \/>En mettant l'accent sur l'interaction humaine, on peut stimuler le moral des employ\u00e9s et cr\u00e9er un environnement de travail plus attrayant.<\/li><li><strong>La gestion des risques :<\/strong><br \/>La r\u00e9duction de la d\u00e9pendance \u00e0 l'\u00e9gard des syst\u00e8mes num\u00e9riques peut att\u00e9nuer certains risques li\u00e9s \u00e0 la cybers\u00e9curit\u00e9 ou aux violations de donn\u00e9es. <br \/>Consid\u00e9rations importantes :<\/li><li><strong>Examen strat\u00e9gique :<\/strong><br \/>La digitalisation doit \u00eatre une d\u00e9cision strat\u00e9gique m\u00fbrement r\u00e9fl\u00e9chie, et non une r\u00e9action aux d\u00e9fis.<\/li><li><strong>Des objectifs clairs :<\/strong><br \/>Il est essentiel de d\u00e9finir des objectifs sp\u00e9cifiques, mesurables, r\u00e9alisables, pertinents et limit\u00e9s dans le temps (SMART) pour la digitalisation.<\/li><li><strong>Analyse d'impact :<\/strong><br \/>\u00c9valuer de mani\u00e8re approfondie l'impact potentiel de la digitalisation sur les diff\u00e9rents aspects de l'entreprise, notamment les op\u00e9rations, l'exp\u00e9rience client et le moral des employ\u00e9s.<\/li><li><strong>Communication :<\/strong><br \/>Communiquer de mani\u00e8re transparente les raisons de la num\u00e9risation aux employ\u00e9s, aux clients et aux parties prenantes.<\/li><li><strong>Flexibilit\u00e9 :<\/strong><br \/>Les efforts de digitalisation doivent \u00eatre adaptables et permettre des ajustements en fonction de l'\u00e9volution des besoins de l'entreprise et de ses clients.<\/li><\/ul>\t\t\t\t\t\t\t\t<\/div>\n\t\t\t\t<\/div>\n\t\t\t\t\t<\/div>\n\t\t\t\t<\/div>\n\t\t\t\t<\/div>","protected":false},"excerpt":{"rendered":"<p>De-digitalization De-digitalization, in the context of a company, refers to the process of reducing or reversing the extent to which digital technologies and processes are integrated into a business&#8217;s operations and overall strategy. It&#8217;s the opposite of digitalization or digital transformation, which involves using digital technologies to fundamentally change how a business operates and delivers [&hellip;]<\/p>","protected":false},"author":1,"featured_media":0,"parent":0,"menu_order":0,"comment_status":"closed","ping_status":"closed","template":"","meta":{"footnotes":""},"class_list":["post-209","page","type-page","status-publish","hentry"],"_links":{"self":[{"href":"https:\/\/www.lpmedical.com\/fr\/wp-json\/wp\/v2\/pages\/209","targetHints":{"allow":["GET"]}}],"collection":[{"href":"https:\/\/www.lpmedical.com\/fr\/wp-json\/wp\/v2\/pages"}],"about":[{"href":"https:\/\/www.lpmedical.com\/fr\/wp-json\/wp\/v2\/types\/page"}],"author":[{"embeddable":true,"href":"https:\/\/www.lpmedical.com\/fr\/wp-json\/wp\/v2\/users\/1"}],"replies":[{"embeddable":true,"href":"https:\/\/www.lpmedical.com\/fr\/wp-json\/wp\/v2\/comments?post=209"}],"version-history":[{"count":7,"href":"https:\/\/www.lpmedical.com\/fr\/wp-json\/wp\/v2\/pages\/209\/revisions"}],"predecessor-version":[{"id":217,"href":"https:\/\/www.lpmedical.com\/fr\/wp-json\/wp\/v2\/pages\/209\/revisions\/217"}],"wp:attachment":[{"href":"https:\/\/www.lpmedical.com\/fr\/wp-json\/wp\/v2\/media?parent=209"}],"curies":[{"name":"wp","href":"https:\/\/api.w.org\/{rel}","templated":true}]}}