{"id":262,"date":"2025-09-12T10:50:32","date_gmt":"2025-09-12T10:50:32","guid":{"rendered":"https:\/\/www.lpmedical.com\/accessibility-statement\/"},"modified":"2025-09-12T10:51:42","modified_gmt":"2025-09-12T10:51:42","slug":"accessibility-statement","status":"publish","type":"page","link":"https:\/\/www.lpmedical.com\/fr\/accessibility-statement\/","title":{"rendered":"Accessibility statement"},"content":{"rendered":"<div data-elementor-type=\"wp-page\" data-elementor-id=\"262\" class=\"elementor elementor-262\" data-elementor-post-type=\"page\">\n\t\t\t\t<div class=\"elementor-element elementor-element-6cc095d7 e-flex e-con-boxed e-con e-parent\" data-id=\"6cc095d7\" data-element_type=\"container\" data-e-type=\"container\">\n\t\t\t\t\t<div class=\"e-con-inner\">\n\t\t\t\t<div class=\"elementor-element elementor-element-0da239a elementor-widget elementor-widget-spacer\" data-id=\"0da239a\" data-element_type=\"widget\" data-e-type=\"widget\" data-widget_type=\"spacer.default\">\n\t\t\t\t\t\t\t<div class=\"elementor-spacer\">\n\t\t\t<div class=\"elementor-spacer-inner\"><\/div>\n\t\t<\/div>\n\t\t\t\t\t\t<\/div>\n\t\t\t\t<div class=\"elementor-element elementor-element-245b4746 elementor-widget elementor-widget-text-editor\" data-id=\"245b4746\" data-element_type=\"widget\" data-e-type=\"widget\" data-widget_type=\"text-editor.default\">\n\t\t\t\t\t\t\t\t\t\n<h6 class=\"wp-block-heading has-text-align-center\">D\u00e9claration d'accessibilit\u00e9 pour https:\/\/www.lpmedical.com\/<\/h6>\n<p>\u00a0<\/p>\n\n<p><strong>LP Medical Consulting Sagl<\/strong> s'engage \u00e0 garantir l'accessibilit\u00e9 num\u00e9rique aux personnes handicap\u00e9es. Nous am\u00e9liorons continuellement l'exp\u00e9rience utilisateur pour tous et appliquons les normes d'accessibilit\u00e9 pertinentes.<\/p>\n\n<h6 class=\"wp-block-heading\">\u00c9tat de conformit\u00e9<\/h6>\n\n<p>Les lignes directrices pour l'accessibilit\u00e9 des contenus web (WCAG) d\u00e9finissent des exigences pour les concepteurs et les d\u00e9veloppeurs afin d'am\u00e9liorer l'accessibilit\u00e9 pour les personnes handicap\u00e9es. Elles d\u00e9finissent trois niveaux de conformit\u00e9 : Niveau A, Niveau AA et Niveau AAA.<\/p>\n\n<p><strong>LP Medical Consulting Sagl<\/strong> s'efforce constamment d'am\u00e9liorer l'accessibilit\u00e9 de son site et de ses services, convaincu qu'il est de notre obligation morale collective de permettre une utilisation transparente, accessible et sans entrave pour ceux d'entre nous qui souffrent d'un handicap.<\/p>\n\n<p>Notre objectif est de faire en sorte que toutes les pages et tous les contenus du site <strong>https:\/\/www.lpmedical.com\/<\/strong> accessible, mais certains contenus ne r\u00e9pondent pas encore totalement aux normes d'accessibilit\u00e9 les plus strictes. Cela peut \u00eatre d\u00fb \u00e0 des difficult\u00e9s \u00e0 identifier la solution technologique la plus appropri\u00e9e.<\/p>\n\n<p>Nous pouvons r\u00e9viser la pr\u00e9sente d\u00e9claration p\u00e9riodiquement pour refl\u00e9ter les am\u00e9liorations ou les changements apport\u00e9s \u00e0 nos pratiques en mati\u00e8re d'accessibilit\u00e9.<\/p>\n\n<h6 class=\"wp-block-heading\">Retour d'information<\/h6>\n\n<p>Nous vous invitons \u00e0 nous faire part de vos commentaires sur l'accessibilit\u00e9 de <strong>LP Medical Consulting Sagl<\/strong> site web. N'h\u00e9sitez pas \u00e0 nous faire savoir si vous rencontrez des obstacles \u00e0 l'accessibilit\u00e9 sur notre site web :<\/p>\n\n<p>E-mail : <strong>info@lpmedical.com<\/strong><\/p>\n\n<p>Nous nous effor\u00e7ons de r\u00e9pondre aux commentaires dans un d\u00e9lai de 3 \u00e0 5 jours ouvrables.<\/p>\n\n<p>Cette d\u00e9claration a \u00e9t\u00e9 cr\u00e9\u00e9e le 9\/12\/2025.<\/p>\n\t\t\t\t\t\t\t\t<\/div>\n\t\t\t\t\t<\/div>\n\t\t\t\t<\/div>\n\t\t\t\t<\/div>","protected":false},"excerpt":{"rendered":"<p>Accessibility Statement for https:\/\/www.lpmedical.com\/ \u00a0 LP Medical Consulting Sagl is committed to ensuring digital accessibility for people with disabilities. We are continually improving the user experience for everyone and applying the relevant accessibility standards. Conformance status The Web Content Accessibility Guidelines (WCAG) defines requirements for designers and developers to improve accessibility for people with disabilities. [&hellip;]<\/p>","protected":false},"author":1,"featured_media":0,"parent":0,"menu_order":0,"comment_status":"closed","ping_status":"closed","template":"","meta":{"footnotes":""},"class_list":["post-262","page","type-page","status-publish","hentry"],"_links":{"self":[{"href":"https:\/\/www.lpmedical.com\/fr\/wp-json\/wp\/v2\/pages\/262","targetHints":{"allow":["GET"]}}],"collection":[{"href":"https:\/\/www.lpmedical.com\/fr\/wp-json\/wp\/v2\/pages"}],"about":[{"href":"https:\/\/www.lpmedical.com\/fr\/wp-json\/wp\/v2\/types\/page"}],"author":[{"embeddable":true,"href":"https:\/\/www.lpmedical.com\/fr\/wp-json\/wp\/v2\/users\/1"}],"replies":[{"embeddable":true,"href":"https:\/\/www.lpmedical.com\/fr\/wp-json\/wp\/v2\/comments?post=262"}],"version-history":[{"count":3,"href":"https:\/\/www.lpmedical.com\/fr\/wp-json\/wp\/v2\/pages\/262\/revisions"}],"predecessor-version":[{"id":265,"href":"https:\/\/www.lpmedical.com\/fr\/wp-json\/wp\/v2\/pages\/262\/revisions\/265"}],"wp:attachment":[{"href":"https:\/\/www.lpmedical.com\/fr\/wp-json\/wp\/v2\/media?parent=262"}],"curies":[{"name":"wp","href":"https:\/\/api.w.org\/{rel}","templated":true}]}}