{"id":36,"date":"2025-09-03T11:12:48","date_gmt":"2025-09-03T11:12:48","guid":{"rendered":"https:\/\/www.lpmedical.com\/?page_id=36"},"modified":"2025-09-12T09:49:46","modified_gmt":"2025-09-12T09:49:46","slug":"company","status":"publish","type":"page","link":"https:\/\/www.lpmedical.com\/fr\/company\/","title":{"rendered":"Soci\u00e9t\u00e9"},"content":{"rendered":"<div data-elementor-type=\"wp-page\" data-elementor-id=\"36\" class=\"elementor elementor-36\" data-elementor-post-type=\"page\">\n\t\t\t\t<div class=\"elementor-element elementor-element-edf2913 e-flex e-con-boxed e-con e-parent\" data-id=\"edf2913\" data-element_type=\"container\" data-e-type=\"container\">\n\t\t\t\t\t<div class=\"e-con-inner\">\n\t\t<div class=\"elementor-element elementor-element-e73431b e-con-full e-flex e-con e-child\" data-id=\"e73431b\" data-element_type=\"container\" data-e-type=\"container\" data-settings=\"{&quot;background_background&quot;:&quot;classic&quot;}\">\n\t\t\t\t<div class=\"elementor-element elementor-element-5240617 elementor-widget elementor-widget-heading\" data-id=\"5240617\" data-element_type=\"widget\" data-e-type=\"widget\" data-widget_type=\"heading.default\">\n\t\t\t\t\t<h2 class=\"elementor-heading-title elementor-size-default\">Soci\u00e9t\u00e9<\/h2>\t\t\t\t<\/div>\n\t\t\t\t<div class=\"elementor-element elementor-element-983039e elementor-widget elementor-widget-text-editor\" data-id=\"983039e\" data-element_type=\"widget\" data-e-type=\"widget\" data-widget_type=\"text-editor.default\">\n\t\t\t\t\t\t\t\t\t<p><img fetchpriority=\"high\" decoding=\"async\" class=\"alignleft wp-image-109 size-full\" src=\"https:\/\/www.lpmedical.com\/wp-content\/uploads\/2025\/09\/surgery.jpg.webp\" alt=\"\" width=\"350\" height=\"385\" srcset=\"https:\/\/www.lpmedical.com\/wp-content\/uploads\/2025\/09\/surgery.jpg.webp 350w, https:\/\/www.lpmedical.com\/wp-content\/uploads\/2025\/09\/surgery.jpg-273x300.webp 273w, https:\/\/www.lpmedical.com\/wp-content\/uploads\/2025\/09\/surgery.jpg-11x12.webp 11w\" sizes=\"(max-width: 350px) 100vw, 350px\" \/><\/p><p>La soci\u00e9t\u00e9 a pour objet la fourniture de prestations de services et de conseils, principalement dans le secteur m\u00e9dical et param\u00e9dical, en particulier dans le domaine du marketing strat\u00e9gique et op\u00e9rationnel; l\u2019analyse strat\u00e9gique des march\u00e9s et des produits; la r\u00e9organisation d\u2019entreprise; la recherche client\u00e8le et fournisseurs; l\u2019analyse de la concurrence; les relations publiques; l\u2019analyse documentaire et du brevetable ainsi que de solutions innovatrices en vue du d\u00e9veloppement de nouveaux produits, de m\u00eame que la recherche et le d\u00e9veloppement de ceux-ci; la r\u00e9daction de protocoles d\u2019\u00e9tudes cliniques et data management; l\u2019organisation d\u2019\u00e9tudes cliniques en milieu hospitalier et d\u2019\u00e9tudes multicentriques; la repr\u00e9sentation exclusive et la distribution de produits m\u00e9dicaux, param\u00e9dicaux ainsi que de produits de consommation courante et de mati\u00e8res premi\u00e8res, tant en commerce de gros qu\u2019au d\u00e9tail; le conseil dans la conception d\u2019\u00e9tablissements de production et d\u2019h\u00f4pitaux \u00ab cl\u00e9s en main \u00bb et la r\u00e9daction des contrats y aff\u00e9rents; le conseil en vue de la participation \u00e0 des projets au niveau europ\u00e9en et l\u2019obtention de financements pour la recherche; le conseil en mati\u00e8re de logistique et de ressources humaines.<\/p><p>En outre, la soci\u00e9t\u00e9 intervient \u2013 \u00e9galement dans d\u2019autres secteurs \u00e9conomiques \u2013 dans le domaine de la gestion d\u2019entreprise, y compris financi\u00e8re et marketing, par la fourniture de conseils aux soci\u00e9t\u00e9s et organismes publics ou priv\u00e9s dans le cadre de l\u2019analyse, de l\u2019\u00e9tude et de l\u2019application de solutions aux diff\u00e9rents probl\u00e8mes de gestion et aux m\u00e9thodologies commerciales et\/ou \u00e9conomiques tels que l\u2019administration, les finances, le marketing et la vente; la prestation de tout type de services dans le domaine de la gestion, du traitement et de l\u2019\u00e9laboration de donn\u00e9es et d\u2019indices statistiques, financiers, \u00e9conomiques, pour une utilisation interne ou pour le compte de tiers; l\u2019assistance \u00e0 la formulation et \u00e0 la solution de tout type de probl\u00e8me inh\u00e9rent aux soci\u00e9t\u00e9s, y compris la s\u00e9lection, la formation et l\u2019organisation du personnel de soci\u00e9t\u00e9s tiers; le regroupement, l\u2019\u00e9laboration et la commercialisation de donn\u00e9es inh\u00e9rentes aux recherches de march\u00e9; toute prestation de service en vue d\u2019optimiser l\u2019activit\u00e9 des soci\u00e9t\u00e9s et organismes; tout type de service fourni \u00e9galement par mise \u00e0 disposition de mat\u00e9riels, d\u2019\u00e9quipements, technologies et de personnel sp\u00e9cialis\u00e9 afin d\u2019assurer la configuration et l\u2019organisation des structures de base et des services n\u00e9cessaires ou utiles au fonctionnement de l\u2019entreprise et \u00e0 l\u2019optimisation de la gestion op\u00e9rationnelle strat\u00e9gique.<\/p>\t\t\t\t\t\t\t\t<\/div>\n\t\t\t\t<\/div>\n\t\t\t\t\t<\/div>\n\t\t\t\t<\/div>\n\t\t\t\t<\/div>","protected":false},"excerpt":{"rendered":"<p>About the company The company\u2019s aim is to provide services and offer advice, predominantly in the medical and paramedical sectors, dealing in particular with strategic and operational marketing; the strategic analysis of markets and products; company reorganisation; the search for customers and suppliers; competition analysis; public relations; the analysis of documents and patents and innovative [&hellip;]<\/p>","protected":false},"author":1,"featured_media":0,"parent":0,"menu_order":0,"comment_status":"closed","ping_status":"closed","template":"","meta":{"footnotes":""},"class_list":["post-36","page","type-page","status-publish","hentry"],"_links":{"self":[{"href":"https:\/\/www.lpmedical.com\/fr\/wp-json\/wp\/v2\/pages\/36","targetHints":{"allow":["GET"]}}],"collection":[{"href":"https:\/\/www.lpmedical.com\/fr\/wp-json\/wp\/v2\/pages"}],"about":[{"href":"https:\/\/www.lpmedical.com\/fr\/wp-json\/wp\/v2\/types\/page"}],"author":[{"embeddable":true,"href":"https:\/\/www.lpmedical.com\/fr\/wp-json\/wp\/v2\/users\/1"}],"replies":[{"embeddable":true,"href":"https:\/\/www.lpmedical.com\/fr\/wp-json\/wp\/v2\/comments?post=36"}],"version-history":[{"count":16,"href":"https:\/\/www.lpmedical.com\/fr\/wp-json\/wp\/v2\/pages\/36\/revisions"}],"predecessor-version":[{"id":254,"href":"https:\/\/www.lpmedical.com\/fr\/wp-json\/wp\/v2\/pages\/36\/revisions\/254"}],"wp:attachment":[{"href":"https:\/\/www.lpmedical.com\/fr\/wp-json\/wp\/v2\/media?parent=36"}],"curies":[{"name":"wp","href":"https:\/\/api.w.org\/{rel}","templated":true}]}}