{"id":262,"date":"2025-09-12T10:50:32","date_gmt":"2025-09-12T10:50:32","guid":{"rendered":"https:\/\/www.lpmedical.com\/accessibility-statement\/"},"modified":"2025-09-12T10:51:42","modified_gmt":"2025-09-12T10:51:42","slug":"accessibility-statement","status":"publish","type":"page","link":"https:\/\/www.lpmedical.com\/it\/accessibility-statement\/","title":{"rendered":"Accessibility statement"},"content":{"rendered":"<div data-elementor-type=\"wp-page\" data-elementor-id=\"262\" class=\"elementor elementor-262\" data-elementor-post-type=\"page\">\n\t\t\t\t<div class=\"elementor-element elementor-element-6cc095d7 e-flex e-con-boxed e-con e-parent\" data-id=\"6cc095d7\" data-element_type=\"container\" data-e-type=\"container\">\n\t\t\t\t\t<div class=\"e-con-inner\">\n\t\t\t\t<div class=\"elementor-element elementor-element-0da239a elementor-widget elementor-widget-spacer\" data-id=\"0da239a\" data-element_type=\"widget\" data-e-type=\"widget\" data-widget_type=\"spacer.default\">\n\t\t\t\t\t\t\t<div class=\"elementor-spacer\">\n\t\t\t<div class=\"elementor-spacer-inner\"><\/div>\n\t\t<\/div>\n\t\t\t\t\t\t<\/div>\n\t\t\t\t<div class=\"elementor-element elementor-element-245b4746 elementor-widget elementor-widget-text-editor\" data-id=\"245b4746\" data-element_type=\"widget\" data-e-type=\"widget\" data-widget_type=\"text-editor.default\">\n\t\t\t\t\t\t\t\t\t\n<h6 class=\"wp-block-heading has-text-align-center\">Dichiarazione di accessibilit\u00e0 per https:\/\/www.lpmedical.com\/<\/h6>\n<p>\u00a0<\/p>\n\n<p><strong>LP Medical Consulting Sagl<\/strong> si impegna a garantire l'accessibilit\u00e0 digitale alle persone con disabilit\u00e0. Miglioriamo continuamente l'esperienza dell'utente per tutti e applichiamo gli standard di accessibilit\u00e0 pertinenti.<\/p>\n\n<h6 class=\"wp-block-heading\">Stato di conformit\u00e0<\/h6>\n\n<p>Le linee guida per l'accessibilit\u00e0 dei contenuti Web (WCAG) definiscono i requisiti per i progettisti e gli sviluppatori al fine di migliorare l'accessibilit\u00e0 per le persone con disabilit\u00e0. Definisce tre livelli di conformit\u00e0: Livello A, Livello AA e Livello AAA.<\/p>\n\n<p><strong>LP Medical Consulting Sagl<\/strong> sta compiendo sforzi costanti per migliorare l'accessibilit\u00e0 del suo sito e dei suoi servizi, nella convinzione che sia nostro obbligo morale collettivo consentire un utilizzo senza soluzione di continuit\u00e0, accessibile e senza ostacoli per coloro che sono affetti da disabilit\u00e0.<\/p>\n\n<p>Il nostro obiettivo \u00e8 quello di rendere tutte le pagine e i contenuti di <strong>https:\/\/www.lpmedical.com\/<\/strong> accessibili, ma alcuni contenuti potrebbero non essere ancora pienamente conformi ai pi\u00f9 elevati standard di accessibilit\u00e0. Ci\u00f2 potrebbe essere dovuto a difficolt\u00e0 nell'individuare la soluzione tecnologica pi\u00f9 adatta.<\/p>\n\n<p>Potremmo rivedere periodicamente la presente dichiarazione per riflettere miglioramenti o modifiche alle nostre pratiche di accessibilit\u00e0.<\/p>\n\n<h6 class=\"wp-block-heading\">Feedback<\/h6>\n\n<p>Siamo lieti di ricevere il vostro feedback sull'accessibilit\u00e0 di <strong>LP Medical Consulting Sagl<\/strong> sito web. Vi preghiamo di comunicarci se incontrate barriere di accessibilit\u00e0 sul nostro sito web:<\/p>\n\n<p>E-mail: <strong>info@lpmedical.com<\/strong><\/p>\n\n<p>Cerchiamo di rispondere ai feedback entro 3-5 giorni lavorativi.<\/p>\n\n<p>Questa dichiarazione \u00e8 stata creata il 12\/9\/2025.<\/p>\n\t\t\t\t\t\t\t\t<\/div>\n\t\t\t\t\t<\/div>\n\t\t\t\t<\/div>\n\t\t\t\t<\/div>","protected":false},"excerpt":{"rendered":"<p>Accessibility Statement for https:\/\/www.lpmedical.com\/ \u00a0 LP Medical Consulting Sagl is committed to ensuring digital accessibility for people with disabilities. We are continually improving the user experience for everyone and applying the relevant accessibility standards. Conformance status The Web Content Accessibility Guidelines (WCAG) defines requirements for designers and developers to improve accessibility for people with disabilities. [&hellip;]<\/p>","protected":false},"author":1,"featured_media":0,"parent":0,"menu_order":0,"comment_status":"closed","ping_status":"closed","template":"","meta":{"footnotes":""},"class_list":["post-262","page","type-page","status-publish","hentry"],"_links":{"self":[{"href":"https:\/\/www.lpmedical.com\/it\/wp-json\/wp\/v2\/pages\/262","targetHints":{"allow":["GET"]}}],"collection":[{"href":"https:\/\/www.lpmedical.com\/it\/wp-json\/wp\/v2\/pages"}],"about":[{"href":"https:\/\/www.lpmedical.com\/it\/wp-json\/wp\/v2\/types\/page"}],"author":[{"embeddable":true,"href":"https:\/\/www.lpmedical.com\/it\/wp-json\/wp\/v2\/users\/1"}],"replies":[{"embeddable":true,"href":"https:\/\/www.lpmedical.com\/it\/wp-json\/wp\/v2\/comments?post=262"}],"version-history":[{"count":3,"href":"https:\/\/www.lpmedical.com\/it\/wp-json\/wp\/v2\/pages\/262\/revisions"}],"predecessor-version":[{"id":265,"href":"https:\/\/www.lpmedical.com\/it\/wp-json\/wp\/v2\/pages\/262\/revisions\/265"}],"wp:attachment":[{"href":"https:\/\/www.lpmedical.com\/it\/wp-json\/wp\/v2\/media?parent=262"}],"curies":[{"name":"wp","href":"https:\/\/api.w.org\/{rel}","templated":true}]}}